{"id":1433,"date":"2022-11-13T02:04:28","date_gmt":"2022-11-13T01:04:28","guid":{"rendered":"https:\/\/www.ggs-world.com\/services\/"},"modified":"2026-03-24T10:27:20","modified_gmt":"2026-03-24T09:27:20","slug":"services","status":"publish","type":"page","link":"https:\/\/www.globalgrainsolution.com\/fr\/services\/","title":{"rendered":"Services"},"content":{"rendered":"\t\t<div data-elementor-type=\"wp-page\" data-elementor-id=\"1433\" class=\"elementor elementor-1433 elementor-304\" data-elementor-post-type=\"page\">\n\t\t\t\t\t\t<section data-particle_enable=\"false\" data-particle-mobile-disabled=\"false\" class=\"has_ae_slider elementor-section elementor-top-section elementor-element elementor-element-61e222a elementor-section-height-min-height elementor-section-full_width elementor-section-height-default elementor-section-items-middle ae-bg-gallery-type-default\" data-id=\"61e222a\" data-element_type=\"section\" data-e-type=\"section\" data-settings=\"{&quot;background_background&quot;:&quot;classic&quot;}\">\n\t\t\t\t\t\t<div class=\"elementor-container elementor-column-gap-default\">\n\t\t\t\t\t<div class=\"has_ae_slider elementor-column elementor-col-100 elementor-top-column elementor-element elementor-element-cee6945 ae-bg-gallery-type-default\" data-id=\"cee6945\" data-element_type=\"column\" data-e-type=\"column\">\n\t\t\t<div class=\"elementor-widget-wrap\">\n\t\t\t\t\t\t\t<\/div>\n\t\t<\/div>\n\t\t\t\t\t<\/div>\n\t\t<\/section>\n\t\t\t\t<section data-particle_enable=\"false\" data-particle-mobile-disabled=\"false\" class=\"has_ae_slider elementor-section elementor-top-section elementor-element elementor-element-2d65d90 elementor-section-boxed elementor-section-height-default elementor-section-height-default ae-bg-gallery-type-default\" data-id=\"2d65d90\" data-element_type=\"section\" data-e-type=\"section\">\n\t\t\t\t\t\t\t<div class=\"elementor-background-overlay\"><\/div>\n\t\t\t\t\t\t\t<div class=\"elementor-container elementor-column-gap-default\">\n\t\t\t\t\t<div class=\"has_ae_slider elementor-column elementor-col-100 elementor-top-column elementor-element elementor-element-0071878 ae-bg-gallery-type-default\" data-id=\"0071878\" data-element_type=\"column\" data-e-type=\"column\">\n\t\t\t<div class=\"elementor-widget-wrap elementor-element-populated\">\n\t\t\t\t\t\t<div class=\"elementor-element elementor-element-541780f elementor-widget elementor-widget-heading\" data-id=\"541780f\" data-element_type=\"widget\" data-e-type=\"widget\" data-widget_type=\"heading.default\">\n\t\t\t\t<div class=\"elementor-widget-container\">\n\t\t\t\t\t<h1 class=\"elementor-heading-title elementor-size-default\">Nos services<\/h1>\t\t\t\t<\/div>\n\t\t\t\t<\/div>\n\t\t\t\t<div class=\"elementor-element elementor-element-b9d505c elementor-widget elementor-widget-text-editor\" data-id=\"b9d505c\" data-element_type=\"widget\" data-e-type=\"widget\" data-widget_type=\"text-editor.default\">\n\t\t\t\t<div class=\"elementor-widget-container\">\n\t\t\t\t\t\t\t\t\t<p data-start=\"1362\" data-end=\"1423\">Nous concevons, nous fournissons, nous construisons, nous finan\u00e7ons<\/p>\t\t\t\t\t\t\t\t<\/div>\n\t\t\t\t<\/div>\n\t\t\t\t\t<\/div>\n\t\t<\/div>\n\t\t\t\t\t<\/div>\n\t\t<\/section>\n\t\t\t\t<section data-particle_enable=\"false\" data-particle-mobile-disabled=\"false\" class=\"has_ae_slider elementor-section elementor-top-section elementor-element elementor-element-86742a7 elementor-section-content-top elementor-section-boxed elementor-section-height-default elementor-section-height-default ae-bg-gallery-type-default\" data-id=\"86742a7\" data-element_type=\"section\" data-e-type=\"section\">\n\t\t\t\t\t\t\t<div class=\"elementor-background-overlay\"><\/div>\n\t\t\t\t\t\t\t<div class=\"elementor-container elementor-column-gap-custom\">\n\t\t\t\t\t<div class=\"has_ae_slider elementor-column elementor-col-50 elementor-top-column elementor-element elementor-element-bb3dc0c ae-bg-gallery-type-default\" data-id=\"bb3dc0c\" data-element_type=\"column\" data-e-type=\"column\">\n\t\t\t<div class=\"elementor-widget-wrap elementor-element-populated\">\n\t\t\t\t\t\t<div class=\"elementor-element elementor-element-68733b8 elementor-widget elementor-widget-text-editor\" data-id=\"68733b8\" data-element_type=\"widget\" data-e-type=\"widget\" data-widget_type=\"text-editor.default\">\n\t\t\t\t<div class=\"elementor-widget-container\">\n\t\t\t\t\t\t\t\t\t<p data-start=\"1362\" data-end=\"1423\"><strong>Ing\u00e9nierie, r\u00e9alisation et accompagnement sur le long terme<\/strong><\/p>\t\t\t\t\t\t\t\t<\/div>\n\t\t\t\t<\/div>\n\t\t\t\t<div class=\"elementor-element elementor-element-5a6f8e3 elementor-widget-divider--view-line elementor-widget elementor-widget-divider\" data-id=\"5a6f8e3\" data-element_type=\"widget\" data-e-type=\"widget\" data-widget_type=\"divider.default\">\n\t\t\t\t<div class=\"elementor-widget-container\">\n\t\t\t\t\t\t\t<div class=\"elementor-divider\">\n\t\t\t<span class=\"elementor-divider-separator\">\n\t\t\t\t\t\t<\/span>\n\t\t<\/div>\n\t\t\t\t\t\t<\/div>\n\t\t\t\t<\/div>\n\t\t\t\t<div class=\"elementor-element elementor-element-0f8d53e elementor-widget elementor-widget-text-editor\" data-id=\"0f8d53e\" data-element_type=\"widget\" data-e-type=\"widget\" data-widget_type=\"text-editor.default\">\n\t\t\t\t<div class=\"elementor-widget-container\">\n\t\t\t\t\t\t\t\t\t<p data-start=\"1282\" data-end=\"1435\">Au-del\u00e0 de la fourniture d\u2019\u00e9quipements, la r\u00e9ussite d\u2019un projet de stockage ou de transformation des c\u00e9r\u00e9ales repose sur la qualit\u00e9 de l\u2019ing\u00e9nierie, la bonne ex\u00e9cution sur site et le savoir-faire op\u00e9rationnel. GGS propose une offre de services structur\u00e9e, con\u00e7ue pour s\u00e9curiser chaque \u00e9tape du projet, de la conception \u00e0 la mise en service, en passant par la formation et l\u2019exploitation sur le long terme.<\/p>\t\t\t\t\t\t\t\t<\/div>\n\t\t\t\t<\/div>\n\t\t\t\t<div class=\"elementor-element elementor-element-847cbaf elementor-widget elementor-widget-text-editor\" data-id=\"847cbaf\" data-element_type=\"widget\" data-e-type=\"widget\" data-widget_type=\"text-editor.default\">\n\t\t\t\t<div class=\"elementor-widget-container\">\n\t\t\t\t\t\t\t\t\t<p data-start=\"1362\" data-end=\"1423\"><strong>Une approche globale \u00e0 chaque \u00e9tape du projet<\/strong><\/p>\t\t\t\t\t\t\t\t<\/div>\n\t\t\t\t<\/div>\n\t\t\t\t<div class=\"elementor-element elementor-element-af1e963 elementor-widget-divider--view-line elementor-widget elementor-widget-divider\" data-id=\"af1e963\" data-element_type=\"widget\" data-e-type=\"widget\" data-widget_type=\"divider.default\">\n\t\t\t\t<div class=\"elementor-widget-container\">\n\t\t\t\t\t\t\t<div class=\"elementor-divider\">\n\t\t\t<span class=\"elementor-divider-separator\">\n\t\t\t\t\t\t<\/span>\n\t\t<\/div>\n\t\t\t\t\t\t<\/div>\n\t\t\t\t<\/div>\n\t\t\t\t<div class=\"elementor-element elementor-element-7618f6e elementor-widget elementor-widget-text-editor\" data-id=\"7618f6e\" data-element_type=\"widget\" data-e-type=\"widget\" data-widget_type=\"text-editor.default\">\n\t\t\t\t<div class=\"elementor-widget-container\">\n\t\t\t\t\t\t\t\t\t<p data-start=\"1658\" data-end=\"1754\">Chaque projet est pilot\u00e9 par des \u00e9quipes d\u00e9di\u00e9es, alliant expertise en ing\u00e9nierie et exp\u00e9rience terrain. GGS garantit la continuit\u00e9, la coordination et un r\u00e9f\u00e9rent technique clair, de la premi\u00e8re \u00e9tude jusqu\u2019\u00e0 l\u2019exploitation quotidienne du site.<\/p>\t\t\t\t\t\t\t\t<\/div>\n\t\t\t\t<\/div>\n\t\t\t\t\t<\/div>\n\t\t<\/div>\n\t\t\t\t<div class=\"has_ae_slider elementor-column elementor-col-50 elementor-top-column elementor-element elementor-element-7610156 ae-bg-gallery-type-default\" data-id=\"7610156\" data-element_type=\"column\" data-e-type=\"column\">\n\t\t\t<div class=\"elementor-widget-wrap elementor-element-populated\">\n\t\t\t\t\t\t<div class=\"elementor-element elementor-element-0f54711 elementor-widget elementor-widget-image\" data-id=\"0f54711\" data-element_type=\"widget\" data-e-type=\"widget\" data-widget_type=\"image.default\">\n\t\t\t\t<div class=\"elementor-widget-container\">\n\t\t\t\t\t\t\t\t\t\t\t\t\t\t\t<img fetchpriority=\"high\" decoding=\"async\" width=\"2560\" height=\"1707\" src=\"https:\/\/www.globalgrainsolution.com\/wp-content\/uploads\/Silo-services-scaled-e1773140771340.webp\" class=\"attachment-full size-full wp-image-9971\" alt=\"\" \/>\t\t\t\t\t\t\t\t\t\t\t\t\t\t\t<\/div>\n\t\t\t\t<\/div>\n\t\t\t\t\t<\/div>\n\t\t<\/div>\n\t\t\t\t\t<\/div>\n\t\t<\/section>\n\t\t\t\t<section data-particle_enable=\"false\" data-particle-mobile-disabled=\"false\" class=\"has_ae_slider elementor-section elementor-top-section elementor-element elementor-element-9d07f3d elementor-section-boxed elementor-section-height-default elementor-section-height-default ae-bg-gallery-type-default\" data-id=\"9d07f3d\" data-element_type=\"section\" data-e-type=\"section\">\n\t\t\t\t\t\t\t<div class=\"elementor-background-overlay\"><\/div>\n\t\t\t\t\t\t\t<div class=\"elementor-container elementor-column-gap-default\">\n\t\t\t\t\t<div class=\"has_ae_slider elementor-column elementor-col-100 elementor-top-column elementor-element elementor-element-775e80e ae-bg-gallery-type-default\" data-id=\"775e80e\" data-element_type=\"column\" data-e-type=\"column\">\n\t\t\t<div class=\"elementor-widget-wrap elementor-element-populated\">\n\t\t\t\t\t\t<div class=\"elementor-element elementor-element-8f2c4da elementor-widget elementor-widget-text-editor\" data-id=\"8f2c4da\" data-element_type=\"widget\" data-e-type=\"widget\" data-widget_type=\"text-editor.default\">\n\t\t\t\t<div class=\"elementor-widget-container\">\n\t\t\t\t\t\t\t\t\t<p data-start=\"1362\" data-end=\"1423\"><strong>Partenaire sur le long terme, GGS s\u2019engage \u00e0 vos c\u00f4t\u00e9s bien au-del\u00e0 de la fourniture d\u2019\u00e9quipements<\/strong><\/p>\t\t\t\t\t\t\t\t<\/div>\n\t\t\t\t<\/div>\n\t\t\t\t<div class=\"elementor-element elementor-element-0bb85e4 elementor-widget-divider--view-line elementor-widget elementor-widget-divider\" data-id=\"0bb85e4\" data-element_type=\"widget\" data-e-type=\"widget\" data-widget_type=\"divider.default\">\n\t\t\t\t<div class=\"elementor-widget-container\">\n\t\t\t\t\t\t\t<div class=\"elementor-divider\">\n\t\t\t<span class=\"elementor-divider-separator\">\n\t\t\t\t\t\t<\/span>\n\t\t<\/div>\n\t\t\t\t\t\t<\/div>\n\t\t\t\t<\/div>\n\t\t\t\t<div class=\"elementor-element elementor-element-2f49215 elementor-widget elementor-widget-text-editor\" data-id=\"2f49215\" data-element_type=\"widget\" data-e-type=\"widget\" data-widget_type=\"text-editor.default\">\n\t\t\t\t<div class=\"elementor-widget-container\">\n\t\t\t\t\t\t\t\t\t<p>De l\u2019ing\u00e9nierie initiale \u00e0 l\u2019installation, en passant par la formation et la maintenance \u00e0 long terme, nos \u00e9quipes travaillent \u00e0 vos c\u00f4t\u00e9s pour garantir la performance, la fiabilit\u00e9 et la durabilit\u00e9 de votre installation sur l\u2019ensemble de son cycle de vie.<\/p>\t\t\t\t\t\t\t\t<\/div>\n\t\t\t\t<\/div>\n\t\t\t\t<div class=\"elementor-element elementor-element-297b064 elementor-widget elementor-widget-text-editor\" data-id=\"297b064\" data-element_type=\"widget\" data-e-type=\"widget\" data-widget_type=\"text-editor.default\">\n\t\t\t\t<div class=\"elementor-widget-container\">\n\t\t\t\t\t\t\t\t\t<p>NOUS CONCEVONS<\/p>\t\t\t\t\t\t\t\t<\/div>\n\t\t\t\t<\/div>\n\t\t\t\t<div class=\"elementor-element elementor-element-564008d elementor-widget elementor-widget-text-editor\" data-id=\"564008d\" data-element_type=\"widget\" data-e-type=\"widget\" data-widget_type=\"text-editor.default\">\n\t\t\t\t<div class=\"elementor-widget-container\">\n\t\t\t\t\t\t\t\t\t<p>Une ing\u00e9nierie adapt\u00e9e \u00e0 votre site et aux objectifs de votre projet<\/p>\t\t\t\t\t\t\t\t<\/div>\n\t\t\t\t<\/div>\n\t\t\t\t<div class=\"elementor-element elementor-element-99b4c66 elementor-widget-divider--view-line elementor-widget elementor-widget-divider\" data-id=\"99b4c66\" data-element_type=\"widget\" data-e-type=\"widget\" data-widget_type=\"divider.default\">\n\t\t\t\t<div class=\"elementor-widget-container\">\n\t\t\t\t\t\t\t<div class=\"elementor-divider\">\n\t\t\t<span class=\"elementor-divider-separator\">\n\t\t\t\t\t\t<\/span>\n\t\t<\/div>\n\t\t\t\t\t\t<\/div>\n\t\t\t\t<\/div>\n\t\t\t\t<div class=\"elementor-element elementor-element-46b2446 elementor-widget elementor-widget-text-editor\" data-id=\"46b2446\" data-element_type=\"widget\" data-e-type=\"widget\" data-widget_type=\"text-editor.default\">\n\t\t\t\t<div class=\"elementor-widget-container\">\n\t\t\t\t\t\t\t\t\t<p>Les \u00e9quipes d\u2019ing\u00e9nierie de GGS r\u00e9alisent les \u00e9tudes techniques, la conception des process, les calculs de capacit\u00e9 et l\u2019optimisation des implantations afin de d\u00e9finir des solutions robustes, performantes et \u00e9volutives. Cette phase int\u00e8gre \u00e9galement l\u2019\u00e9laboration de la documentation technique, la planification du projet et la d\u00e9finition des interfaces, garantissant que chaque installation est parfaitement adapt\u00e9e \u00e0 son environnement d\u2019exploitation et \u00e0 ses objectifs \u00e0 long terme.<\/p>\t\t\t\t\t\t\t\t<\/div>\n\t\t\t\t<\/div>\n\t\t\t\t<div class=\"elementor-element elementor-element-547ab51 elementor-widget elementor-widget-text-editor\" data-id=\"547ab51\" data-element_type=\"widget\" data-e-type=\"widget\" data-widget_type=\"text-editor.default\">\n\t\t\t\t<div class=\"elementor-widget-container\">\n\t\t\t\t\t\t\t\t\t<p>NOUS FOURNISSONS<\/p>\t\t\t\t\t\t\t\t<\/div>\n\t\t\t\t<\/div>\n\t\t\t\t<div class=\"elementor-element elementor-element-61a3ba5 elementor-widget elementor-widget-text-editor\" data-id=\"61a3ba5\" data-element_type=\"widget\" data-e-type=\"widget\" data-widget_type=\"text-editor.default\">\n\t\t\t\t<div class=\"elementor-widget-container\">\n\t\t\t\t\t\t\t\t\t<p>Fourniture d\u2019\u00e9quipements et int\u00e9gration des syst\u00e8mes<\/p>\t\t\t\t\t\t\t\t<\/div>\n\t\t\t\t<\/div>\n\t\t\t\t<div class=\"elementor-element elementor-element-9b21281 elementor-widget-divider--view-line elementor-widget elementor-widget-divider\" data-id=\"9b21281\" data-element_type=\"widget\" data-e-type=\"widget\" data-widget_type=\"divider.default\">\n\t\t\t\t<div class=\"elementor-widget-container\">\n\t\t\t\t\t\t\t<div class=\"elementor-divider\">\n\t\t\t<span class=\"elementor-divider-separator\">\n\t\t\t\t\t\t<\/span>\n\t\t<\/div>\n\t\t\t\t\t\t<\/div>\n\t\t\t\t<\/div>\n\t\t\t\t<div class=\"elementor-element elementor-element-83054ac elementor-widget elementor-widget-text-editor\" data-id=\"83054ac\" data-element_type=\"widget\" data-e-type=\"widget\" data-widget_type=\"text-editor.default\">\n\t\t\t\t<div class=\"elementor-widget-container\">\n\t\t\t\t\t\t\t\t\t<p>GGS coordonne l\u2019approvisionnement de l\u2019ensemble des \u00e9quipements et syst\u00e8mes n\u00e9cessaires \u00e0 chaque projet, en s\u00e9lectionnant des technologies \u00e9prouv\u00e9es et des partenaires industriels fiables. Au-del\u00e0 de la fourniture des \u00e9quipements, nos \u00e9quipes veillent \u00e0 la coh\u00e9rence technique de l\u2019ensemble des composants fournis, assurent la gestion logistique et des plannings de livraison, et pr\u00e9parent l\u2019int\u00e9gration des \u00e9quipements au sein du process global. Cette approche structur\u00e9e de l\u2019approvisionnement garantit la compatibilit\u00e9, la performance et une mise en \u0153uvre fluide sur site.<\/p>\t\t\t\t\t\t\t\t<\/div>\n\t\t\t\t<\/div>\n\t\t\t\t<div class=\"elementor-element elementor-element-f0485ad elementor-widget elementor-widget-text-editor\" data-id=\"f0485ad\" data-element_type=\"widget\" data-e-type=\"widget\" data-widget_type=\"text-editor.default\">\n\t\t\t\t<div class=\"elementor-widget-container\">\n\t\t\t\t\t\t\t\t\t<p>NOUS CONSTRUISONS<\/p>\t\t\t\t\t\t\t\t<\/div>\n\t\t\t\t<\/div>\n\t\t\t\t<div class=\"elementor-element elementor-element-2a384e4 elementor-widget elementor-widget-text-editor\" data-id=\"2a384e4\" data-element_type=\"widget\" data-e-type=\"widget\" data-widget_type=\"text-editor.default\">\n\t\t\t\t<div class=\"elementor-widget-container\">\n\t\t\t\t\t\t\t\t\t<p>Installation et r\u00e9alisation des projets sur site<\/p>\t\t\t\t\t\t\t\t<\/div>\n\t\t\t\t<\/div>\n\t\t\t\t<div class=\"elementor-element elementor-element-e34f59b elementor-widget-divider--view-line elementor-widget elementor-widget-divider\" data-id=\"e34f59b\" data-element_type=\"widget\" data-e-type=\"widget\" data-widget_type=\"divider.default\">\n\t\t\t\t<div class=\"elementor-widget-container\">\n\t\t\t\t\t\t\t<div class=\"elementor-divider\">\n\t\t\t<span class=\"elementor-divider-separator\">\n\t\t\t\t\t\t<\/span>\n\t\t<\/div>\n\t\t\t\t\t\t<\/div>\n\t\t\t\t<\/div>\n\t\t\t\t<div class=\"elementor-element elementor-element-8d6c9ea elementor-widget elementor-widget-text-editor\" data-id=\"8d6c9ea\" data-element_type=\"widget\" data-e-type=\"widget\" data-widget_type=\"text-editor.default\">\n\t\t\t\t<div class=\"elementor-widget-container\">\n\t\t\t\t\t\t\t\t\t<p data-start=\"255\" data-end=\"582\">GGS pilote la phase d\u2019ex\u00e9cution des projets afin de garantir la r\u00e9alisation des concepts d\u2019ing\u00e9nierie en installations op\u00e9rationnelles sur site. Nos \u00e9quipes supervisent l\u2019installation des \u00e9quipements et coordonnent les interfaces avec le g\u00e9nie civil, les syst\u00e8mes \u00e9lectriques et les entreprises locales, assurant une ex\u00e9cution de projet fluide et ma\u00eetris\u00e9e. Tout au long de la phase d\u2019installation, GGS veille au respect des sp\u00e9cifications de conception, des normes de s\u00e9curit\u00e9 et des d\u00e9lais du projet, avec une attention particuli\u00e8re port\u00e9e \u00e0 la gestion des interfaces et \u00e0 l\u2019int\u00e9gration au sein des installations existantes. Les op\u00e9rations de pr\u00e9-mise en service et de mise en service sont r\u00e9alis\u00e9es afin de v\u00e9rifier les performances des syst\u00e8mes en conditions r\u00e9elles d\u2019exploitation, permettant la livraison d\u2019installations pr\u00eates \u00e0 \u00eatre exploit\u00e9es.<\/p>\t\t\t\t\t\t\t\t<\/div>\n\t\t\t\t<\/div>\n\t\t\t\t<div class=\"elementor-element elementor-element-4740b5a elementor-widget elementor-widget-text-editor\" data-id=\"4740b5a\" data-element_type=\"widget\" data-e-type=\"widget\" data-widget_type=\"text-editor.default\">\n\t\t\t\t<div class=\"elementor-widget-container\">\n\t\t\t\t\t\t\t\t\t<p>NOUS FINAN\u00c7ONS<\/p>\t\t\t\t\t\t\t\t<\/div>\n\t\t\t\t<\/div>\n\t\t\t\t<div class=\"elementor-element elementor-element-691a484 elementor-widget elementor-widget-text-editor\" data-id=\"691a484\" data-element_type=\"widget\" data-e-type=\"widget\" data-widget_type=\"text-editor.default\">\n\t\t\t\t<div class=\"elementor-widget-container\">\n\t\t\t\t\t\t\t\t\t<p>Financement de projets cl\u00e9s en main<\/p>\t\t\t\t\t\t\t\t<\/div>\n\t\t\t\t<\/div>\n\t\t\t\t<div class=\"elementor-element elementor-element-99823fc elementor-widget-divider--view-line elementor-widget elementor-widget-divider\" data-id=\"99823fc\" data-element_type=\"widget\" data-e-type=\"widget\" data-widget_type=\"divider.default\">\n\t\t\t\t<div class=\"elementor-widget-container\">\n\t\t\t\t\t\t\t<div class=\"elementor-divider\">\n\t\t\t<span class=\"elementor-divider-separator\">\n\t\t\t\t\t\t<\/span>\n\t\t<\/div>\n\t\t\t\t\t\t<\/div>\n\t\t\t\t<\/div>\n\t\t\t\t<div class=\"elementor-element elementor-element-f66e738 elementor-widget elementor-widget-text-editor\" data-id=\"f66e738\" data-element_type=\"widget\" data-e-type=\"widget\" data-widget_type=\"text-editor.default\">\n\t\t\t\t<div class=\"elementor-widget-container\">\n\t\t\t\t\t\t\t\t\t<p>Pour certains projets cl\u00e9s en main, GGS peut accompagner le financement du projet dans le cadre d\u2019une approche de r\u00e9alisation int\u00e9gr\u00e9e. En combinant l\u2019ing\u00e9nierie, la fourniture d\u2019\u00e9quipements, l\u2019installation et les solutions de financement, GGS aide ses clients \u00e0 s\u00e9curiser la mise en \u0153uvre des projets tout en optimisant la structure d\u2019investissement et les calendriers de d\u00e9ploiement. Cette approche est particuli\u00e8rement adapt\u00e9e aux projets complexes ou de grande envergure n\u00e9cessitant une strat\u00e9gie d\u2019investissement ma\u00eetris\u00e9e et progressive.<\/p>\t\t\t\t\t\t\t\t<\/div>\n\t\t\t\t<\/div>\n\t\t\t\t\t<\/div>\n\t\t<\/div>\n\t\t\t\t\t<\/div>\n\t\t<\/section>\n\t\t\t\t<section data-particle_enable=\"false\" data-particle-mobile-disabled=\"false\" class=\"has_ae_slider elementor-section elementor-top-section elementor-element elementor-element-a954521 elementor-section-content-top elementor-section-boxed elementor-section-height-default elementor-section-height-default ae-bg-gallery-type-default\" data-id=\"a954521\" data-element_type=\"section\" data-e-type=\"section\" data-settings=\"{&quot;background_background&quot;:&quot;classic&quot;}\">\n\t\t\t\t\t\t\t<div class=\"elementor-background-overlay\"><\/div>\n\t\t\t\t\t\t\t<div class=\"elementor-container elementor-column-gap-custom\">\n\t\t\t\t\t<div class=\"has_ae_slider elementor-column elementor-col-50 elementor-top-column elementor-element elementor-element-682a542 ae-bg-gallery-type-default\" data-id=\"682a542\" data-element_type=\"column\" data-e-type=\"column\">\n\t\t\t<div class=\"elementor-widget-wrap elementor-element-populated\">\n\t\t\t\t\t\t<div class=\"elementor-element elementor-element-b43f1c8 elementor-widget elementor-widget-image\" data-id=\"b43f1c8\" data-element_type=\"widget\" data-e-type=\"widget\" data-widget_type=\"image.default\">\n\t\t\t\t<div class=\"elementor-widget-container\">\n\t\t\t\t\t\t\t\t\t\t\t\t\t\t\t<img decoding=\"async\" src=\"https:\/\/www.globalgrainsolution.com\/wp-content\/uploads\/Services-1-scaled.webp\" title=\"Services\" alt=\"Services\" loading=\"lazy\" \/>\t\t\t\t\t\t\t\t\t\t\t\t\t\t\t<\/div>\n\t\t\t\t<\/div>\n\t\t\t\t\t<\/div>\n\t\t<\/div>\n\t\t\t\t<div class=\"has_ae_slider elementor-column elementor-col-50 elementor-top-column elementor-element elementor-element-95cc44e ae-bg-gallery-type-default\" data-id=\"95cc44e\" data-element_type=\"column\" data-e-type=\"column\">\n\t\t\t<div class=\"elementor-widget-wrap elementor-element-populated\">\n\t\t\t\t\t\t<div class=\"elementor-element elementor-element-291ef2e elementor-widget elementor-widget-text-editor\" data-id=\"291ef2e\" data-element_type=\"widget\" data-e-type=\"widget\" data-widget_type=\"text-editor.default\">\n\t\t\t\t<div class=\"elementor-widget-container\">\n\t\t\t\t\t\t\t\t\t<p data-start=\"1362\" data-end=\"1423\"><strong>Votre partenaire \u00e0 chaque \u00e9tape du cycle de vie de votre installation<\/strong><\/p>\t\t\t\t\t\t\t\t<\/div>\n\t\t\t\t<\/div>\n\t\t\t\t<div class=\"elementor-element elementor-element-c891c57 elementor-widget-divider--view-line elementor-widget elementor-widget-divider\" data-id=\"c891c57\" data-element_type=\"widget\" data-e-type=\"widget\" data-widget_type=\"divider.default\">\n\t\t\t\t<div class=\"elementor-widget-container\">\n\t\t\t\t\t\t\t<div class=\"elementor-divider\">\n\t\t\t<span class=\"elementor-divider-separator\">\n\t\t\t\t\t\t<\/span>\n\t\t<\/div>\n\t\t\t\t\t\t<\/div>\n\t\t\t\t<\/div>\n\t\t\t\t<div class=\"elementor-element elementor-element-c41b64e elementor-widget elementor-widget-text-editor\" data-id=\"c41b64e\" data-element_type=\"widget\" data-e-type=\"widget\" data-widget_type=\"text-editor.default\">\n\t\t\t\t<div class=\"elementor-widget-container\">\n\t\t\t\t\t\t\t\t\t<p>De l\u2019ing\u00e9nierie \u00e0 l\u2019installation, en passant par la formation, l\u2019automatisation et l\u2019accompagnement sur le long terme, GGS intervient \u00e0 vos c\u00f4t\u00e9s \u00e0 chaque \u00e9tape de votre projet. Cette approche int\u00e9gr\u00e9e garantit des performances fiables, des co\u00fbts d\u2019exploitation ma\u00eetris\u00e9s et des installations durables, con\u00e7ues pour \u00e9voluer avec votre activit\u00e9. Nos \u00e9quipes vous accompagnent \u00e0 chaque phase afin de livrer des installations fiables, performantes et p\u00e9rennes.<\/p>\t\t\t\t\t\t\t\t<\/div>\n\t\t\t\t<\/div>\n\t\t\t\t<div class=\"elementor-element elementor-element-ac70194 elementor-align-left elementor-widget elementor-widget-button\" data-id=\"ac70194\" data-element_type=\"widget\" data-e-type=\"widget\" data-widget_type=\"button.default\">\n\t\t\t\t<div class=\"elementor-widget-container\">\n\t\t\t\t\t\t\t\t\t<div class=\"elementor-button-wrapper\">\n\t\t\t\t\t<a class=\"elementor-button elementor-button-link elementor-size-sm\" href=\"https:\/\/www.globalgrainsolution.com\/fr\/contact\/\">\n\t\t\t\t\t\t<span class=\"elementor-button-content-wrapper\">\n\t\t\t\t\t\t\t\t\t<span class=\"elementor-button-text\">Parlez-nous de votre projet<\/span>\n\t\t\t\t\t<\/span>\n\t\t\t\t\t<\/a>\n\t\t\t\t<\/div>\n\t\t\t\t\t\t\t\t<\/div>\n\t\t\t\t<\/div>\n\t\t\t\t\t<\/div>\n\t\t<\/div>\n\t\t\t\t\t<\/div>\n\t\t<\/section>\n\t\t\t\t<\/div>\n\t\t","protected":false},"excerpt":{"rendered":"<p>Nos services Nous concevons, nous fournissons, nous construisons, nous finan\u00e7ons Ing\u00e9nierie, r\u00e9alisation et accompagnement sur le long terme Au-del\u00e0 de la fourniture d\u2019\u00e9quipements, la r\u00e9ussite d\u2019un projet de stockage ou de transformation des c\u00e9r\u00e9ales repose sur la qualit\u00e9 de l\u2019ing\u00e9nierie, la bonne ex\u00e9cution sur site et le savoir-faire op\u00e9rationnel. GGS propose une offre de services [&hellip;]<\/p>\n","protected":false},"author":1,"featured_media":0,"parent":0,"menu_order":0,"comment_status":"closed","ping_status":"closed","template":"elementor_header_footer","meta":{"_acf_changed":false,"footnotes":""},"class_list":["post-1433","page","type-page","status-publish","hentry"],"acf":[],"_links":{"self":[{"href":"https:\/\/www.globalgrainsolution.com\/fr\/wp-json\/wp\/v2\/pages\/1433","targetHints":{"allow":["GET"]}}],"collection":[{"href":"https:\/\/www.globalgrainsolution.com\/fr\/wp-json\/wp\/v2\/pages"}],"about":[{"href":"https:\/\/www.globalgrainsolution.com\/fr\/wp-json\/wp\/v2\/types\/page"}],"author":[{"embeddable":true,"href":"https:\/\/www.globalgrainsolution.com\/fr\/wp-json\/wp\/v2\/users\/1"}],"replies":[{"embeddable":true,"href":"https:\/\/www.globalgrainsolution.com\/fr\/wp-json\/wp\/v2\/comments?post=1433"}],"version-history":[{"count":3,"href":"https:\/\/www.globalgrainsolution.com\/fr\/wp-json\/wp\/v2\/pages\/1433\/revisions"}],"predecessor-version":[{"id":11425,"href":"https:\/\/www.globalgrainsolution.com\/fr\/wp-json\/wp\/v2\/pages\/1433\/revisions\/11425"}],"wp:attachment":[{"href":"https:\/\/www.globalgrainsolution.com\/fr\/wp-json\/wp\/v2\/media?parent=1433"}],"curies":[{"name":"wp","href":"https:\/\/api.w.org\/{rel}","templated":true}]}}